{"id":478,"date":"2014-04-06T21:12:47","date_gmt":"2014-04-06T19:12:47","guid":{"rendered":"http:\/\/www.augenarzt-skorpik.at\/?page_id=478"},"modified":"2022-09-07T08:53:39","modified_gmt":"2022-09-07T06:53:39","slug":"english","status":"publish","type":"page","link":"https:\/\/www.augenarzt-skorpik.at\/?page_id=478","title":{"rendered":"ENGLISH"},"content":{"rendered":"\t\t<div data-elementor-type=\"wp-page\" data-elementor-id=\"478\" class=\"elementor elementor-478\">\n\t\t\t\t\t\t<div class=\"elementor-inner\">\n\t\t\t\t<div class=\"elementor-section-wrap\">\n\t\t\t\t\t\t\t\t\t<section class=\"elementor-section elementor-top-section elementor-element elementor-element-7395b479 elementor-section-boxed elementor-section-height-default elementor-section-height-default\" data-id=\"7395b479\" data-element_type=\"section\">\n\t\t\t\t\t\t<div class=\"elementor-container elementor-column-gap-default\">\n\t\t\t\t\t\t\t<div class=\"elementor-row\">\n\t\t\t\t\t<div class=\"elementor-column elementor-col-100 elementor-top-column elementor-element elementor-element-3742c8ea\" data-id=\"3742c8ea\" data-element_type=\"column\">\n\t\t\t<div class=\"elementor-column-wrap elementor-element-populated\">\n\t\t\t\t\t\t\t<div class=\"elementor-widget-wrap\">\n\t\t\t\t\t\t<section class=\"elementor-section elementor-inner-section elementor-element elementor-element-2011fe7 elementor-section-boxed elementor-section-height-default elementor-section-height-default\" data-id=\"2011fe7\" data-element_type=\"section\">\n\t\t\t\t\t\t<div class=\"elementor-container elementor-column-gap-default\">\n\t\t\t\t\t\t\t<div class=\"elementor-row\">\n\t\t\t\t\t<div class=\"elementor-column elementor-col-50 elementor-inner-column elementor-element elementor-element-78262ec\" data-id=\"78262ec\" data-element_type=\"column\">\n\t\t\t<div class=\"elementor-column-wrap elementor-element-populated\">\n\t\t\t\t\t\t\t<div class=\"elementor-widget-wrap\">\n\t\t\t\t\t\t<div class=\"elementor-element elementor-element-4cac24a elementor-widget elementor-widget-heading\" data-id=\"4cac24a\" data-element_type=\"widget\" data-widget_type=\"heading.default\">\n\t\t\t\t<div class=\"elementor-widget-container\">\n\t\t\t<h2 class=\"elementor-heading-title elementor-size-default\">WELCOME TO MY PRACTICE!<\/h2>\t\t<\/div>\n\t\t\t\t<\/div>\n\t\t\t\t<div class=\"elementor-element elementor-element-b2c5148 elementor-widget elementor-widget-text-editor\" data-id=\"b2c5148\" data-element_type=\"widget\" data-widget_type=\"text-editor.default\">\n\t\t\t\t<div class=\"elementor-widget-container\">\n\t\t\t\t\t\t\t\t<div class=\"elementor-text-editor elementor-clearfix\">\n\t\t\t\t<p><strong>Ao. Univ.-Prof.<\/strong>\u00a0<strong>Dr. med. univ. Christian Skorpik<\/strong><br \/><strong>Ophthalmologist<\/strong><\/p><p><strong>Specializing in Eye Surgery:<\/strong> Cataract &amp; IOL, Keratoplasty-Corneal Transplantation, Pterygium Surgery, Implantation of Artificial Iris,\u00a0Glaucoma Surgery, Refractive Surgery, Laser Surgery, Retinal Surgery, Traumatology<\/p><p><strong>Location:<\/strong><br \/>W\u00e4hringer Stra\u00dfe 125\/29<br \/>1180 Vienna<br \/>Entrance: Teschnergasse 41\u00a0<br \/><strong>Barrier-free access (elevator) after telephone notification.<\/strong><\/p><p><strong>Please call for an appointment:<\/strong><br \/><strong>Telefon\/Fax:<\/strong> +43 1 4067840<br \/><strong>E-Mail:<\/strong> <a href=\"mailto:ordination@augenarzt-skorpik.at\">ordination@augenarzt-skorpik.at<\/a><\/p><p>Eye Surgery is performed at <a href=\"http:\/\/www.confraternitaet.at\/\" target=\"_blank\" rel=\"noopener noreferrer\">Confraternit\u00e4t-Privatklinik Josefstadt<\/a> and at <a href=\"https:\/\/www.franziskusspital.at\" target=\"_blank\" rel=\"noopener\">Franziskus Spital<\/a>.<\/p>\t\t\t\t\t<\/div>\n\t\t\t\t\t\t<\/div>\n\t\t\t\t<\/div>\n\t\t\t\t\t\t<\/div>\n\t\t\t\t\t<\/div>\n\t\t<\/div>\n\t\t\t\t<div class=\"elementor-column elementor-col-50 elementor-inner-column elementor-element elementor-element-bc71491\" data-id=\"bc71491\" data-element_type=\"column\">\n\t\t\t<div class=\"elementor-column-wrap elementor-element-populated\">\n\t\t\t\t\t\t\t<div class=\"elementor-widget-wrap\">\n\t\t\t\t\t\t<div class=\"elementor-element elementor-element-b9f13e1 elementor-widget elementor-widget-image\" data-id=\"b9f13e1\" data-element_type=\"widget\" data-widget_type=\"image.default\">\n\t\t\t\t<div class=\"elementor-widget-container\">\n\t\t\t\t\t\t\t\t<div class=\"elementor-image\">\n\t\t\t\t\t\t\t\t\t\t\t\t<img width=\"479\" height=\"319\" src=\"https:\/\/www.augenarzt-skorpik.at\/wp-content\/uploads\/2020\/04\/dr_skorpik_ordination2.jpg\" class=\"attachment-large size-large\" alt=\"\" loading=\"lazy\" srcset=\"https:\/\/www.augenarzt-skorpik.at\/wp-content\/uploads\/2020\/04\/dr_skorpik_ordination2.jpg 479w, https:\/\/www.augenarzt-skorpik.at\/wp-content\/uploads\/2020\/04\/dr_skorpik_ordination2-300x200.jpg 300w\" sizes=\"(max-width: 479px) 100vw, 479px\" \/>\t\t\t\t\t\t\t\t\t\t\t\t\t\t<\/div>\n\t\t\t\t\t\t<\/div>\n\t\t\t\t<\/div>\n\t\t\t\t<div class=\"elementor-element elementor-element-3a106d6e elementor-widget elementor-widget-text-editor\" data-id=\"3a106d6e\" data-element_type=\"widget\" data-widget_type=\"text-editor.default\">\n\t\t\t\t<div class=\"elementor-widget-container\">\n\t\t\t\t\t\t\t\t<div class=\"elementor-text-editor elementor-clearfix\">\n\t\t\t\t<h4><strong>Location Map<\/strong><\/h4><p><iframe loading=\"lazy\" src=\"https:\/\/maps.google.at\/maps?q=W%C3%A4hringer+Stra%C3%9Fe+125&amp;ie=UTF8&amp;hq=&amp;hnear=W%C3%A4hringer+Stra%C3%9Fe+125,+W%C3%A4hring+1180+Wien&amp;gl=at&amp;t=m&amp;z=14&amp;iwloc=A&amp;ll=48.227425,16.338502&amp;output=embed\" width=\"300\" height=\"300\" frameborder=\"0\" marginwidth=\"0\" marginheight=\"0\" scrolling=\"no\"><\/iframe><br \/><small><a style=\"color: #0000ff; text-align: left;\" href=\"https:\/\/maps.google.at\/maps?q=W%C3%A4hringer+Stra%C3%9Fe+125&amp;ie=UTF8&amp;hq=&amp;hnear=W%C3%A4hringer+Stra%C3%9Fe+125,+W%C3%A4hring+1180+Wien&amp;gl=at&amp;t=m&amp;z=14&amp;iwloc=A&amp;ll=48.227425,16.338502&amp;source=embed\">Gr\u00f6\u00dfere Kartenansicht<\/a><\/small><\/p>\t\t\t\t\t<\/div>\n\t\t\t\t\t\t<\/div>\n\t\t\t\t<\/div>\n\t\t\t\t\t\t<\/div>\n\t\t\t\t\t<\/div>\n\t\t<\/div>\n\t\t\t\t\t\t\t\t<\/div>\n\t\t\t\t\t<\/div>\n\t\t<\/section>\n\t\t\t\t\t\t<\/div>\n\t\t\t\t\t<\/div>\n\t\t<\/div>\n\t\t\t\t\t\t\t\t<\/div>\n\t\t\t\t\t<\/div>\n\t\t<\/section>\n\t\t\t\t\t\t\t\t\t<\/div>\n\t\t\t<\/div>\n\t\t\t\t\t<\/div>\n\t\t","protected":false},"excerpt":{"rendered":"<p>WELCOME TO MY PRACTICE! Ao. Univ.-Prof.\u00a0Dr. med. univ. Christian SkorpikOphthalmologist Specializing in Eye Surgery: Cataract &amp; IOL, Keratoplasty-Corneal Transplantation, Pterygium Surgery, Implantation of Artificial Iris,\u00a0Glaucoma Surgery, Refractive Surgery, Laser Surgery, Retinal Surgery, Traumatology Location:W\u00e4hringer Stra\u00dfe 125\/291180 ViennaEntrance: Teschnergasse 41\u00a0Barrier-free access (elevator) after telephone notification. Please call for an appointment:Telefon\/Fax: +43 1 4067840E-Mail: ordination@augenarzt-skorpik.at Eye Surgery is performed at Confraternit\u00e4t-Privatklinik Josefstadt and at Franziskus Spital. Location Map Gr\u00f6\u00dfere Kartenansicht<\/p>\n","protected":false},"author":1,"featured_media":0,"parent":0,"menu_order":0,"comment_status":"closed","ping_status":"closed","template":"","meta":[],"_links":{"self":[{"href":"https:\/\/www.augenarzt-skorpik.at\/index.php?rest_route=\/wp\/v2\/pages\/478"}],"collection":[{"href":"https:\/\/www.augenarzt-skorpik.at\/index.php?rest_route=\/wp\/v2\/pages"}],"about":[{"href":"https:\/\/www.augenarzt-skorpik.at\/index.php?rest_route=\/wp\/v2\/types\/page"}],"author":[{"embeddable":true,"href":"https:\/\/www.augenarzt-skorpik.at\/index.php?rest_route=\/wp\/v2\/users\/1"}],"replies":[{"embeddable":true,"href":"https:\/\/www.augenarzt-skorpik.at\/index.php?rest_route=%2Fwp%2Fv2%2Fcomments&post=478"}],"version-history":[{"count":5,"href":"https:\/\/www.augenarzt-skorpik.at\/index.php?rest_route=\/wp\/v2\/pages\/478\/revisions"}],"predecessor-version":[{"id":632,"href":"https:\/\/www.augenarzt-skorpik.at\/index.php?rest_route=\/wp\/v2\/pages\/478\/revisions\/632"}],"wp:attachment":[{"href":"https:\/\/www.augenarzt-skorpik.at\/index.php?rest_route=%2Fwp%2Fv2%2Fmedia&parent=478"}],"curies":[{"name":"wp","href":"https:\/\/api.w.org\/{rel}","templated":true}]}}